{"id":2,"date":"2012-05-02T07:58:29","date_gmt":"2012-05-02T07:58:29","guid":{"rendered":"http:\/\/vorlage.vr-hosting.de\/?page_id=2"},"modified":"2025-03-25T20:55:53","modified_gmt":"2025-03-25T19:55:53","slug":"beispiel-seite","status":"publish","type":"page","link":"http:\/\/musikverein-biebertal.de\/","title":{"rendered":"Willkommen"},"content":{"rendered":"<table style=\"height: 109px;\" border=\"0\" width=\"845\" cellspacing=\"0\" cellpadding=\"0\">\n<tbody>\n<tr>\n<td style=\"text-align: center;\" colspan=\"3\" valign=\"top\" width=\"100%\" height=\"19\">\n<h3><span style=\"font-size: large;\">Wir begr\u00fc\u00dfen Sie recht herzlich auf unserer Homepage.<\/span><\/h3>\n<p>..Sch\u00f6n das sie sich f\u00fcr den Musikverein Biebertal interessieren. Auf unserer Homepage k\u00f6nnen sie aktuelles \u00fcber den Musikverein erfahren. Termine einsehen, an denen Sie den Musikverein live sehen k\u00f6nnen sowie die Satzung des Musikvereins einsehen.<\/td>\n<\/tr>\n<\/tbody>\n<\/table>\n<h3>Aktuelles:<\/h3>\n<p>Wir laden alle aktiven und passiven Mitglieder des Musikvereins Biebertal herzlich zu unserer Jahreshauptversammlung am 29.05.2025 um 19:00 Uhr in den Proberaum Hofbieber ein.<\/p>\n<h3><\/h3>\n<h3 style=\"text-align: center;\">Mit musikalischem Gru\u00df<\/h3>\n<h3 style=\"text-align: center;\">Euer Vorstand des Musikverein Biebertal 1973 e.V.<\/h3>\n<h1>Kontakt:<\/h1>\n<table>\n<tbody>\n<tr>\n<td>Telefon:<\/td>\n<td>01704897506<\/td>\n<\/tr>\n<tr>\n<td>E-Mail:<\/td>\n<td>seb.mueglich@t-online.de<\/td>\n<\/tr>\n<\/tbody>\n<\/table>\n<h1 style=\"text-align: center;\"><strong>\u00a0<\/strong><\/h1>\n<hr \/>\n<p><!--&nbsp;\n\n<img decoding=\"async\" src=\"http:\/\/musikverein-biebertal.de\/wp-content\/uploads\/2012\/08\/Konzert-05.05.-20112-008.jpg\" alt=\"Musikverein-Biebertal\" \/>\n\n&nbsp;\n\n\n\n<hr \/>\n\n\n\n\/\/--><\/p>\n<p><!--\n\n\n<h3><\/h3>\n\n\n\n\n<h3>Wichtige Mitteilung:<\/h3>\n\n\nDie zum 1.Oktober f\u00e4lligen Mitgliedsbeitr\u00e4ge f\u00fcr den Musikverein Biebertal e.V. werden am 2.Oktober 2014 per SEPA Lastschriftverfahren eingezogen.\nUnsere Gl\u00e4ubiger Identifikationsnummer: DE70ZZZ00000920112\nIBAN: DE31530623500000009539\u00a0\u00a0\u00a0\u00a0\u00a0\u00a0BIC: GENODEF1PBG\n\n<a href=\"http:\/\/musikverein-biebertal.de\/wp-content\/uploads\/2014\/03\/mubi-kids.png\"><img loading=\"lazy\" decoding=\"async\" class=\"alignnone size-full wp-image-898\" title=\"mubi-kids\" src=\"http:\/\/musikverein-biebertal.de\/wp-content\/uploads\/2014\/03\/mubi-kids.png\" alt=\"\" width=\"550\" height=\"381\" srcset=\"http:\/\/musikverein-biebertal.de\/wp-content\/uploads\/2014\/03\/mubi-kids.png 550w, http:\/\/musikverein-biebertal.de\/wp-content\/uploads\/2014\/03\/mubi-kids-300x207.png 300w\" sizes=\"auto, (max-width: 550px) 100vw, 550px\" \/><\/a> \/\/--><\/p>\n","protected":false},"excerpt":{"rendered":"<p>Wir begr\u00fc\u00dfen Sie recht herzlich auf unserer Homepage. ..Sch\u00f6n das sie sich f\u00fcr den Musikverein Biebertal interessieren. Auf unserer Homepage k\u00f6nnen sie aktuelles \u00fcber den Musikverein erfahren. Termine einsehen, an denen Sie den Musikverein live sehen k\u00f6nnen sowie die Satzung des Musikvereins einsehen. Aktuelles: Wir laden alle aktiven und passiven Mitglieder des Musikvereins Biebertal herzlich &hellip; <a href=\"http:\/\/musikverein-biebertal.de\/\" class=\"more-link\">Weiterlesen <span class=\"meta-nav\">&rarr;<\/span><\/a><\/p>\n","protected":false},"author":1,"featured_media":0,"parent":0,"menu_order":0,"comment_status":"closed","ping_status":"closed","template":"","meta":{"footnotes":""},"class_list":["post-2","page","type-page","status-publish","hentry"],"_links":{"self":[{"href":"http:\/\/musikverein-biebertal.de\/index.php\/wp-json\/wp\/v2\/pages\/2","targetHints":{"allow":["GET"]}}],"collection":[{"href":"http:\/\/musikverein-biebertal.de\/index.php\/wp-json\/wp\/v2\/pages"}],"about":[{"href":"http:\/\/musikverein-biebertal.de\/index.php\/wp-json\/wp\/v2\/types\/page"}],"author":[{"embeddable":true,"href":"http:\/\/musikverein-biebertal.de\/index.php\/wp-json\/wp\/v2\/users\/1"}],"replies":[{"embeddable":true,"href":"http:\/\/musikverein-biebertal.de\/index.php\/wp-json\/wp\/v2\/comments?post=2"}],"version-history":[{"count":0,"href":"http:\/\/musikverein-biebertal.de\/index.php\/wp-json\/wp\/v2\/pages\/2\/revisions"}],"wp:attachment":[{"href":"http:\/\/musikverein-biebertal.de\/index.php\/wp-json\/wp\/v2\/media?parent=2"}],"curies":[{"name":"wp","href":"https:\/\/api.w.org\/{rel}","templated":true}]}}